{"id":13055,"date":"2026-01-29T09:56:53","date_gmt":"2026-01-29T09:56:53","guid":{"rendered":"https:\/\/vetatourism.com\/?post_type=product&#038;p=13055"},"modified":"2026-03-09T05:52:07","modified_gmt":"2026-03-09T05:52:07","slug":"suluada-island-boat-trip-from-belek-turkish-maldives","status":"publish","type":"product","link":"https:\/\/vetatourism.com\/tours\/suluada-island-boat-trip-from-belek-turkish-maldives","title":{"rendered":"Suluada Insel Bootsfahrt von Belek -T\u00fcrkisch Malediven"},"content":{"rendered":"<p data-start=\"1354\" data-end=\"1583\">Ihr Tag beginnt mit einer bequemen Abholung von Ihrem hotel in Belek oder in der N\u00e4he dieser Gebiete, gefolgt von einer malerischen Fahrt um <strong data-start=\"1468\" data-end=\"1484\">Adrasan Port<\/strong>. Bord eines ger\u00e4umigen und komfortablen Boot und setzen die Segel in Richtung auf das t\u00fcrkisfarbene Wasser der Insel Suluada.<\/p>\n<p data-start=\"1585\" data-end=\"1896\">Die tour beinhaltet drei schwimmen h\u00e4lt an Suluada sch\u00f6nsten spots. Besuchen Sie zuerst <strong data-start=\"1672\" data-end=\"1688\">Malediven Bay<\/strong>, ber\u00fchmt f\u00fcr seinen wei\u00dfen sand und kristallklares Wasser, ideal zum schwimmen und Schnorcheln. Weiter <strong data-start=\"1789\" data-end=\"1817\">Suluada die versteckten Str\u00e4nden<\/strong>wo entspannen Sie sich am ruhigen Ufer, zu Fu\u00df entlang der K\u00fcste oder einfach ein Sonnenbad nehmen k\u00f6nnen.<\/p>\n<p data-start=\"1898\" data-end=\"2163\">Ein weiteres highlight ist die <strong data-start=\"1923\" data-end=\"1936\">Liebe H\u00f6hle<\/strong>eine Nat\u00fcrliche formation bietet ein einzigartiges Schwimm-und Foto-Gelegenheit. Um die Mittagszeit, genie\u00dfen Sie ein frisch Gegrilltes BBQ-Mittagessen an Bord, mit Optionen wie Fisch, H\u00fchnchen oder vegetarischen Gerichten, begleitet von traditionellen t\u00fcrkischen meze.<\/p>\n<p data-start=\"2165\" data-end=\"2356\">Nach einer entspannenden Pause, das Boot zur\u00fcck nach Adrasan Port. Schlie\u00dflich, genie\u00dfen Sie einen bequemen transfer zur\u00fcck zu Ihrem hotel in Belek mit unvergesslichen Erinnerungen an die T\u00fcrkei Paradies im Mittelmeer.<\/p>\n<p>&nbsp;<\/p>\n<hr \/>\n<p>&nbsp;<\/p>\n<div class=\"tour-content-what-included\">\n<h4 id=\"whats-included\">Was ist Enthalten<\/h4>\n<ul style=\"column-count: 2;\">\n<li>Abholung von den hotels in Belek &amp; Umland<\/li>\n<li>Transfer nach Adrasan Port<\/li>\n<li>Abfahrt zur Insel Suluada<\/li>\n<li>Malediven Bucht schwimmen zu stoppen<\/li>\n<li>Versteckte Str\u00e4nde schwimmen stoppen<\/li>\n<li>Liebe H\u00f6hle zu besuchen<\/li>\n<li>BBQ-Mittagessen an Bord<\/li>\n<li>Tee-Pause und R\u00fcckkehr cruise<\/li>\n<li>Transfer zur\u00fcck zum hotel<\/li>\n<\/ul>\n<\/div>\n<p>&nbsp;<\/p>\n<hr \/>\n<p>&nbsp;<\/p>\n<div class=\"tour-content-add-information\">\n<h4>Weitere Informationen<\/h4>\n<ul>\n<li>Full-day boat tour<\/li>\n<li>Ruhigen und flachen Gew\u00e4ssern geeignet f\u00fcr Familien<\/li>\n<li>Tour-route \u00e4ndern kann aufgrund von Wetter Bedingungen<\/li>\n<li>Kleine Gruppe und gro\u00dfes Boot Optionen verf\u00fcgbar<\/li>\n<\/ul>\n<p>&nbsp;<\/p>\n<\/div>\n<hr \/>\n<p>&nbsp;<\/p>\n<div class=\"tour-content-cancell-policy\">\n<p><strong>Was Sie Mitbringen<\/strong><\/p>\n<ul style=\"column-count: 2;\">\n<li>Sonnenbrillen<img decoding=\"async\" class=\"emoji\" role=\"img\" draggable=\"false\" src=\"https:\/\/s.w.org\/images\/core\/emoji\/17.0.2\/svg\/1f576.svg\" alt=\"\ud83d\udd76\ufe0f\" \/><\/li>\n<li>Sonnencreme und Hut<img decoding=\"async\" class=\"emoji\" role=\"img\" draggable=\"false\" src=\"https:\/\/s.w.org\/images\/core\/emoji\/17.0.2\/svg\/1f9e2.svg\" alt=\"\ud83e\udde2\" \/><\/li>\n<li>Badebekleidung und Handtuch <img decoding=\"async\" class=\"emoji\" role=\"img\" draggable=\"false\" src=\"https:\/\/s.w.org\/images\/core\/emoji\/17.0.2\/svg\/1fa71.svg\" alt=\"\ud83e\ude71\" \/><\/li>\n<li>Kamera oder smartphone \ud83d\udcf1<\/li>\n<li>Bargeld f\u00fcr pers\u00f6nliche Ausgaben <img decoding=\"async\" class=\"emoji\" role=\"img\" draggable=\"false\" src=\"https:\/\/s.w.org\/images\/core\/emoji\/17.0.2\/svg\/1f4b3.svg\" alt=\"\ud83d\udcb3\" \/><\/li>\n<\/ul>\n<\/div>","protected":false},"excerpt":{"rendered":"<p>Join a Suluada-Boot-tour von Belek entfernt. Schwimmen Sie in t\u00fcrkisfarbenen Wasser, erkunden Sie Liebe H\u00f6hle, entspannen Sie an den wei\u00dfen Str\u00e4nden und genie\u00dfen Sie die BBQ-Mittagessen mit transfers.<\/p>","protected":false},"featured_media":13056,"comment_status":"open","ping_status":"closed","template":"","meta":[],"product_brand":[],"product_cat":[84],"product_tag":[],"class_list":{"0":"post-13055","1":"product","2":"type-product","3":"status-publish","4":"has-post-thumbnail","6":"tour_phys-tours","7":"product_cat-tours","8":"pa_activity-adrasan-yacht-tours","9":"pa_destination-belek","11":"first","12":"instock","13":"sale","14":"shipping-taxable","15":"purchasable","16":"product-type-tour_phys"},"_links":{"self":[{"href":"https:\/\/vetatourism.com\/de\/wp-json\/wp\/v2\/product\/13055","targetHints":{"allow":["GET"]}}],"collection":[{"href":"https:\/\/vetatourism.com\/de\/wp-json\/wp\/v2\/product"}],"about":[{"href":"https:\/\/vetatourism.com\/de\/wp-json\/wp\/v2\/types\/product"}],"replies":[{"embeddable":true,"href":"https:\/\/vetatourism.com\/de\/wp-json\/wp\/v2\/comments?post=13055"}],"wp:featuredmedia":[{"embeddable":true,"href":"https:\/\/vetatourism.com\/de\/wp-json\/wp\/v2\/media\/13056"}],"wp:attachment":[{"href":"https:\/\/vetatourism.com\/de\/wp-json\/wp\/v2\/media?parent=13055"}],"wp:term":[{"taxonomy":"product_brand","embeddable":true,"href":"https:\/\/vetatourism.com\/de\/wp-json\/wp\/v2\/product_brand?post=13055"},{"taxonomy":"product_cat","embeddable":true,"href":"https:\/\/vetatourism.com\/de\/wp-json\/wp\/v2\/product_cat?post=13055"},{"taxonomy":"product_tag","embeddable":true,"href":"https:\/\/vetatourism.com\/de\/wp-json\/wp\/v2\/product_tag?post=13055"}],"curies":[{"name":"wp","href":"https:\/\/api.w.org\/{rel}","templated":true}]}}