{"id":13042,"date":"2026-01-29T09:45:12","date_gmt":"2026-01-29T09:45:12","guid":{"rendered":"https:\/\/vetatourism.com\/?post_type=product&#038;p=13042"},"modified":"2026-03-09T05:52:01","modified_gmt":"2026-03-09T05:52:01","slug":"pirate-boat-trip-gonster-from-belek-all-inclusive","status":"publish","type":"product","link":"https:\/\/vetatourism.com\/tours\/pirate-boat-trip-gonster-from-belek-all-inclusive","title":{"rendered":"Piraten Bootstour Gonster von Belek \u2013 All Inclusive"},"content":{"rendered":"<div data-start=\"1394\" data-end=\"1642\">Ihr Abenteuer beginnt mit einer bequemen Abholung von Ihrem hotel in Belek oder in der N\u00e4he dieser Gebiete, gefolgt von einem transfer zu <strong data-start=\"1510\" data-end=\"1526\">Kemer Marina<\/strong>. Schritt an Bord der <strong data-start=\"1544\" data-end=\"1567\">Gonster Piraten Boot<\/strong>eine einzigartig gestaltete Piraten-Stil Schiff voller Charakter und Spannung.<\/div>\n<div data-start=\"1644\" data-end=\"1916\">Als das Boot f\u00e4hrt entlang der atemberaubenden K\u00fcste von Kemer entfernt, die Besatzung schafft eine lustige und energiegeladene Atmosph\u00e4re mit Musik, Tanz und pirate-themed entertainment. Die tour beinhaltet mehrere Bade-Stopps in wundersch\u00f6nen Buchten, wo Sie abk\u00fchlen k\u00f6nnen Sie im t\u00fcrkisfarbenen Wasser oder entspannen Sie an deck.<\/div>\n<div data-start=\"1918\" data-end=\"2211\">Schwimmen in der N\u00e4he der antiken Ruinen in <strong data-start=\"1949\" data-end=\"1965\">Phaselis Bay<\/strong>genie\u00dfen Sie die friedliche Sch\u00f6nheit des <strong data-start=\"1996\" data-end=\"2010\">Heaven Bay<\/strong>und entspannen Sie in <strong data-start=\"2025\" data-end=\"2042\">Moonlight Bay<\/strong>eine von Kemer beliebtesten K\u00fcsten-spots. Sie werden auch Kreuzfahrt vorbei an der legend\u00e4ren <strong data-start=\"2125\" data-end=\"2140\">Piraten-H\u00f6hle<\/strong>bietet fantastische Fotomotive mit dramatischen Felsformationen.<\/div>\n<div data-start=\"2213\" data-end=\"2450\">Ein leckeres Mittagessen wird an Bord serviert, und Getr\u00e4nke stehen den ganzen Tag zur Verf\u00fcgung. Mit ger\u00e4umigen decks zum Sonnenbaden, viele Aktivit\u00e4ten und eine freundliche crew, die diese tour verspricht einen Tag voller Spa\u00df, Entspannung und unvergessliche Erinnerungen.<\/div>\n<p>&nbsp;<\/p>\n<hr \/>\n<p>&nbsp;<\/p>\n<div class=\"tour-content-what-included\">\n<h4 id=\"whats-included\">Was ist Enthalten<\/h4>\n<ul style=\"column-count: 2;\">\n<li>Abholung von den hotels in Belek &amp; Umland<\/li>\n<li>Transfer nach Kemer Marina<\/li>\n<li>Einsteigen in die Gonster Piraten Boot<\/li>\n<li>Phaselis Bucht schwimmen zu stoppen<\/li>\n<li>Heaven Bay schwimmen stoppen<\/li>\n<li>Moonlight Bay schwimmen stoppen<\/li>\n<li>Pirate Cave sightseeing<\/li>\n<li>Mittag-und entertainment an Bord<\/li>\n<li>Zur\u00fcck zur marina und hotel-transfer<\/li>\n<\/ul>\n<\/div>\n<p>&nbsp;<\/p>\n<hr \/>\n<p>&nbsp;<\/p>\n<div class=\"tour-content-add-information\">\n<h4>Weitere Informationen<\/h4>\n<ul>\n<li>Full-day boat tour<\/li>\n<li>Familienfreundlich und f\u00fcr Kinder geeignet<\/li>\n<li>Alkoholfreie Getr\u00e4nke w\u00e4hrend der tour<\/li>\n<li>Route kann je nach Wetter Bedingungen<\/li>\n<\/ul>\n<p>&nbsp;<\/p>\n<\/div>\n<hr \/>\n<p>&nbsp;<\/p>\n<div class=\"tour-content-cancell-policy\">\n<p><strong>Was Sie Mitbringen<\/strong><\/p>\n<ul style=\"column-count: 2;\">\n<li>Sonnenbrillen<img decoding=\"async\" class=\"emoji\" role=\"img\" draggable=\"false\" src=\"https:\/\/s.w.org\/images\/core\/emoji\/17.0.2\/svg\/1f576.svg\" alt=\"\ud83d\udd76\ufe0f\" \/><\/li>\n<li>Sonnencreme und Hut<img decoding=\"async\" class=\"emoji\" role=\"img\" draggable=\"false\" src=\"https:\/\/s.w.org\/images\/core\/emoji\/17.0.2\/svg\/1f9e2.svg\" alt=\"\ud83e\udde2\" \/><\/li>\n<li>Badebekleidung und Handtuch <img decoding=\"async\" class=\"emoji\" role=\"img\" draggable=\"false\" src=\"https:\/\/s.w.org\/images\/core\/emoji\/17.0.2\/svg\/1fa71.svg\" alt=\"\ud83e\ude71\" \/><\/li>\n<li>Kamera oder smartphone \ud83d\udcf1<\/li>\n<li>Bargeld f\u00fcr pers\u00f6nliche Ausgaben <img decoding=\"async\" class=\"emoji\" role=\"img\" draggable=\"false\" src=\"https:\/\/s.w.org\/images\/core\/emoji\/17.0.2\/svg\/1f4b3.svg\" alt=\"\ud83d\udcb3\" \/><\/li>\n<\/ul>\n<\/div>","protected":false},"excerpt":{"rendered":"<p>Genie\u00dfen Sie die Gonster Piraten Boot Tour von Belek entfernt. Schwimmen in Kemer Buchten, genie\u00dfen Piraten shows, Mittagessen, Getr\u00e4nke und Spa\u00df und Unterhaltung mit transfers enthalten.<\/p>","protected":false},"featured_media":13043,"comment_status":"open","ping_status":"closed","template":"","meta":[],"product_brand":[],"product_cat":[84],"product_tag":[],"class_list":{"0":"post-13042","1":"product","2":"type-product","3":"status-publish","4":"has-post-thumbnail","6":"tour_phys-tours","7":"product_cat-tours","8":"pa_activity-pirate-boat-tours","9":"pa_destination-belek","11":"first","12":"instock","13":"sale","14":"shipping-taxable","15":"purchasable","16":"product-type-tour_phys"},"_links":{"self":[{"href":"https:\/\/vetatourism.com\/de\/wp-json\/wp\/v2\/product\/13042","targetHints":{"allow":["GET"]}}],"collection":[{"href":"https:\/\/vetatourism.com\/de\/wp-json\/wp\/v2\/product"}],"about":[{"href":"https:\/\/vetatourism.com\/de\/wp-json\/wp\/v2\/types\/product"}],"replies":[{"embeddable":true,"href":"https:\/\/vetatourism.com\/de\/wp-json\/wp\/v2\/comments?post=13042"}],"wp:featuredmedia":[{"embeddable":true,"href":"https:\/\/vetatourism.com\/de\/wp-json\/wp\/v2\/media\/13043"}],"wp:attachment":[{"href":"https:\/\/vetatourism.com\/de\/wp-json\/wp\/v2\/media?parent=13042"}],"wp:term":[{"taxonomy":"product_brand","embeddable":true,"href":"https:\/\/vetatourism.com\/de\/wp-json\/wp\/v2\/product_brand?post=13042"},{"taxonomy":"product_cat","embeddable":true,"href":"https:\/\/vetatourism.com\/de\/wp-json\/wp\/v2\/product_cat?post=13042"},{"taxonomy":"product_tag","embeddable":true,"href":"https:\/\/vetatourism.com\/de\/wp-json\/wp\/v2\/product_tag?post=13042"}],"curies":[{"name":"wp","href":"https:\/\/api.w.org\/{rel}","templated":true}]}}