{"id":13031,"date":"2026-01-29T09:17:20","date_gmt":"2026-01-29T09:17:20","guid":{"rendered":"https:\/\/vetatourism.com\/?post_type=product&#038;p=13031"},"modified":"2026-04-08T17:24:15","modified_gmt":"2026-04-08T17:24:15","slug":"pirate-boat-trip-from-belek-red-dragon","status":"publish","type":"product","link":"https:\/\/vetatourism.com\/tours\/pirate-boat-trip-from-belek-red-dragon","title":{"rendered":"Piraten-Boot-Ausflug Von Belek \u2014 Red Dragon"},"content":{"rendered":"<div data-start=\"1355\" data-end=\"1576\">Ihre entspannende Meeres Tag beginnt mit einer bequemen Abholung von Ihrem hotel in Belek oder in der N\u00e4he dieser Gebiete, gefolgt von einem transfer zu <strong data-start=\"1478\" data-end=\"1494\">Kemer Marina<\/strong>. Board a stylish pirate boat designed for comfort, space and relaxation.<\/div>\n<div data-start=\"1578\" data-end=\"1774\">Als der Katamaran-Kreuzfahrten entlang der malerischen Kemer K\u00fcste, genie\u00dfen Sie live-Musik und eine angenehme Atmosph\u00e4re an Bord. Die tour beinhaltet mehrere Bade-Stopps in einigen der region sch\u00f6nsten Buchten.<\/div>\n<div data-start=\"1776\" data-end=\"2065\">Schwimmen in der N\u00e4he der antiken Ruinen in <strong data-start=\"1807\" data-end=\"1823\">Phaselis Bay<\/strong>entspannen Sie in den ruhigen Gew\u00e4ssern <strong data-start=\"1857\" data-end=\"1871\">Heaven Bay<\/strong>und genie\u00dfen Sie die lebendige Atmosph\u00e4re des <strong data-start=\"1908\" data-end=\"1925\">Moonlight Bay<\/strong>- ideal f\u00fcr schwimmen und Fotos. Sie wird auch cruise Vergangenheit der geheimnisvollen <strong data-start=\"1999\" data-end=\"2014\">Piraten-H\u00f6hle<\/strong>, bietet fantastische Ausblicke und Fotomotive.<\/div>\n<div data-start=\"2067\" data-end=\"2287\">During the tour, you may enjoy lunch and drinks onboard depending on your selected package. With plenty of space to sunbathe, swim or simply relax, this pirate boat offers the perfect balance of fun and tranquility.<\/div>\n<p>&nbsp;<\/p>\n<hr \/>\n<p>&nbsp;<\/p>\n<div class=\"tour-content-what-included\">\n<h4 id=\"whats-included\">Was ist Enthalten<\/h4>\n<ul style=\"column-count: 2;\">\n<li>Abholung von den hotels in Belek &amp; Umland<\/li>\n<li>Transfer nach Kemer Marina<\/li>\n<li>Boarding the pirate Boot<\/li>\n<li>Phaselis Bucht schwimmen zu stoppen<\/li>\n<li>Heaven Bay schwimmen stoppen<\/li>\n<li>Moonlight Bay schwimmen stoppen<\/li>\n<li>Pirate Cave sightseeing<\/li>\n<li>Freie Zeit f\u00fcr Entspannung und Sonnenbaden<\/li>\n<li>Zur\u00fcck zur marina und hotel-transfer<\/li>\n<\/ul>\n<\/div>\n<p>&nbsp;<\/p>\n<hr \/>\n<p>&nbsp;<\/p>\n<div class=\"tour-content-add-information\">\n<h4>Weitere Informationen<\/h4>\n<ul>\n<li>Full-day boat tour<\/li>\n<li>Geeignet f\u00fcr Paare, Familien und Alleinreisende<\/li>\n<li>Ger\u00e4umige, schattige und Liegewiese<\/li>\n<li>Route kann je nach Wetter Bedingungen<\/li>\n<\/ul>\n<p>&nbsp;<\/p>\n<\/div>\n<hr \/>\n<p>&nbsp;<\/p>\n<div class=\"tour-content-cancell-policy\">\n<p><strong>Was Sie Mitbringen<\/strong><\/p>\n<ul style=\"column-count: 2;\">\n<li>Sonnenbrillen<img decoding=\"async\" class=\"emoji\" role=\"img\" draggable=\"false\" src=\"https:\/\/s.w.org\/images\/core\/emoji\/17.0.2\/svg\/1f576.svg\" alt=\"\ud83d\udd76\ufe0f\" \/><\/li>\n<li>Sonnencreme und Hut<img decoding=\"async\" class=\"emoji\" role=\"img\" draggable=\"false\" src=\"https:\/\/s.w.org\/images\/core\/emoji\/17.0.2\/svg\/1f9e2.svg\" alt=\"\ud83e\udde2\" \/><\/li>\n<li>Badebekleidung und Handtuch <img decoding=\"async\" class=\"emoji\" role=\"img\" draggable=\"false\" src=\"https:\/\/s.w.org\/images\/core\/emoji\/17.0.2\/svg\/1fa71.svg\" alt=\"\ud83e\ude71\" \/><\/li>\n<li>Kamera oder smartphone \ud83d\udcf1<\/li>\n<li>Bargeld f\u00fcr pers\u00f6nliche Ausgaben <img decoding=\"async\" class=\"emoji\" role=\"img\" draggable=\"false\" src=\"https:\/\/s.w.org\/images\/core\/emoji\/17.0.2\/svg\/1f4b3.svg\" alt=\"\ud83d\udcb3\" \/><\/li>\n<\/ul>\n<\/div>","protected":false},"excerpt":{"rendered":"<p>Join a pirate boat tour from Belek to Kemer. Swim in crystal-clear bays, enjoy sea views, live music and a relaxing cruise with transfers included.<\/p>","protected":false},"featured_media":16565,"comment_status":"open","ping_status":"closed","template":"","meta":[],"product_brand":[],"product_cat":[],"product_tag":[],"class_list":{"0":"post-13031","1":"product","2":"type-product","3":"status-publish","4":"has-post-thumbnail","6":"tour_phys-tours","7":"pa_activity-pirate-boat-tours","8":"pa_destination-belek","10":"first","11":"instock","12":"shipping-taxable","13":"purchasable","14":"product-type-tour_phys"},"_links":{"self":[{"href":"https:\/\/vetatourism.com\/de\/wp-json\/wp\/v2\/product\/13031","targetHints":{"allow":["GET"]}}],"collection":[{"href":"https:\/\/vetatourism.com\/de\/wp-json\/wp\/v2\/product"}],"about":[{"href":"https:\/\/vetatourism.com\/de\/wp-json\/wp\/v2\/types\/product"}],"replies":[{"embeddable":true,"href":"https:\/\/vetatourism.com\/de\/wp-json\/wp\/v2\/comments?post=13031"}],"wp:featuredmedia":[{"embeddable":true,"href":"https:\/\/vetatourism.com\/de\/wp-json\/wp\/v2\/media\/16565"}],"wp:attachment":[{"href":"https:\/\/vetatourism.com\/de\/wp-json\/wp\/v2\/media?parent=13031"}],"wp:term":[{"taxonomy":"product_brand","embeddable":true,"href":"https:\/\/vetatourism.com\/de\/wp-json\/wp\/v2\/product_brand?post=13031"},{"taxonomy":"product_cat","embeddable":true,"href":"https:\/\/vetatourism.com\/de\/wp-json\/wp\/v2\/product_cat?post=13031"},{"taxonomy":"product_tag","embeddable":true,"href":"https:\/\/vetatourism.com\/de\/wp-json\/wp\/v2\/product_tag?post=13031"}],"curies":[{"name":"wp","href":"https:\/\/api.w.org\/{rel}","templated":true}]}}