{"id":13020,"date":"2026-01-29T08:51:26","date_gmt":"2026-01-29T08:51:26","guid":{"rendered":"https:\/\/vetatourism.com\/?post_type=product&#038;p=13020"},"modified":"2026-04-25T17:31:10","modified_gmt":"2026-04-25T17:31:10","slug":"kemer-pirate-boat-trip-red-dragon-with-lunch","status":"publish","type":"product","link":"https:\/\/vetatourism.com\/tours\/kemer-pirate-boat-trip-red-dragon-with-lunch","title":{"rendered":"Kemer Piraten-Boot-Ausflug, Der Rote Drache, \u2014 Mit Mittagessen"},"content":{"rendered":"<div data-start=\"1347\" data-end=\"1579\">Ihr Abenteuer beginnt mit einer bequemen Abholung von Ihrem hotel in Belek oder in der N\u00e4he dieser Gebiete, gefolgt von einem transfer zu <strong data-start=\"1463\" data-end=\"1479\">Kemer Marina<\/strong>. Schritt an Bord eines gro\u00dfen <strong data-start=\"1501\" data-end=\"1523\">Piraten-Themen-Boot -<\/strong>entworfen f\u00fcr Spa\u00df, Musik und unvergessliche See-Momente.<\/div>\n<div data-start=\"1581\" data-end=\"1821\">Als das Boot Kreuzfahrten entlang der atemberaubenden Kemer K\u00fcste, die crew h\u00e4lt die Energie hoch, mit Musik, Tanz und pirate-style entertainment. Die tour beinhaltet den G\u00e4sten mehrere Haltestellen, von wo Sie abk\u00fchlen k\u00f6nnen Sie im t\u00fcrkisfarbenen Wasser oder entspannen Sie an deck.<\/div>\n<div data-start=\"1823\" data-end=\"2094\">Schwimmen in der N\u00e4he der antiken Ruinen in <strong data-start=\"1854\" data-end=\"1870\">Phaselis Bay<\/strong>genie\u00dfen Sie die friedliche Atmosph\u00e4re <strong data-start=\"1905\" data-end=\"1919\">Heaven Bay<\/strong>und entspannen Sie sich oder nehmen Sie Fotos auf <strong data-start=\"1949\" data-end=\"1966\">Moonlight Bay<\/strong>. Sie wird auch cruise Vergangenheit der geheimnisvollen <strong data-start=\"2009\" data-end=\"2024\">Piraten-H\u00f6hle<\/strong>bietet dramatische Felsformationen und hervorragende Foto-Gelegenheiten.<\/div>\n<div data-start=\"2096\" data-end=\"2325\">W\u00e4hrend der gesamten tour, Essen und Getr\u00e4nken sind an Bord verf\u00fcgbar abh\u00e4ngig von Ihrem gew\u00e4hlten Paket. Mit lebhaften Unterhaltung, die sch\u00f6ne Landschaft und viel schwimmen Zeit, diese Piraten Boot tour verspricht einen Tag voller Spa\u00df und Erinnerungen.<\/div>\n<div data-start=\"2096\" data-end=\"2325\"><\/div>\n<div data-start=\"2096\" data-end=\"2325\"><\/div>\n<div style=\"max-width: 360px; margin: 0;\">\n<div style=\"position: relative; padding-top: 177.77%;\"><iframe style=\"position: absolute; top: 0; left: 0; width: 100%; height: 100%; border: 0;\" src=\"https:\/\/www.youtube.com\/embed\/6hknrEM8D68\" allowfullscreen=\"allowfullscreen\"><br \/>\n<\/iframe><\/div>\n<\/div>\n<hr \/>\n<p>&nbsp;<\/p>\n<div class=\"tour-content-what-included\">\n<h4 id=\"whats-included\">Was ist Enthalten<\/h4>\n<ul style=\"column-count: 2;\">\n<li>Abholung von den hotels in Kemer &amp; Umland<\/li>\n<li>Transfer nach Kemer Marina<\/li>\n<li>Boarding the pirate Boot<\/li>\n<li>Phaselis Bucht schwimmen zu stoppen<\/li>\n<li>Heaven Bay schwimmen stoppen<\/li>\n<li>Moonlight Bay schwimmen stoppen<\/li>\n<li>Pirate Cave sightseeing<\/li>\n<li>Unterhaltung, schwimmen und Freizeit an Bord<\/li>\n<li>Zur\u00fcck zur marina und hotel-transfer<\/li>\n<\/ul>\n<\/div>\n<p>&nbsp;<\/p>\n<hr \/>\n<p>&nbsp;<\/p>\n<div class=\"tour-content-add-information\">\n<h4>Weitere Informationen<\/h4>\n<ul>\n<li>Die volle-Tag, Piraten-Boot-tour<\/li>\n<li>Familienfreundlich und f\u00fcr Kinder geeignet<\/li>\n<li>Live-Musik und Unterhaltung an Bord<\/li>\n<li>Route kann je nach Wetter Bedingungen<\/li>\n<\/ul>\n<\/div>\n<hr \/>\n<p>&nbsp;<\/p>\n<div class=\"tour-content-cancell-policy\">\n<p><strong>Was Sie Mitbringen<\/strong><\/p>\n<ul style=\"column-count: 2;\">\n<li>Sonnenbrillen<img decoding=\"async\" class=\"emoji\" role=\"img\" draggable=\"false\" src=\"https:\/\/s.w.org\/images\/core\/emoji\/17.0.2\/svg\/1f576.svg\" alt=\"\ud83d\udd76\ufe0f\" \/><\/li>\n<li>Sonnencreme und Hut<img decoding=\"async\" class=\"emoji\" role=\"img\" draggable=\"false\" src=\"https:\/\/s.w.org\/images\/core\/emoji\/17.0.2\/svg\/1f9e2.svg\" alt=\"\ud83e\udde2\" \/><\/li>\n<li>Badebekleidung und Handtuch <img decoding=\"async\" class=\"emoji\" role=\"img\" draggable=\"false\" src=\"https:\/\/s.w.org\/images\/core\/emoji\/17.0.2\/svg\/1fa71.svg\" alt=\"\ud83e\ude71\" \/><\/li>\n<li>Kamera oder smartphone \ud83d\udcf1<\/li>\n<li>Bargeld f\u00fcr pers\u00f6nliche Ausgaben <img decoding=\"async\" class=\"emoji\" role=\"img\" draggable=\"false\" src=\"https:\/\/s.w.org\/images\/core\/emoji\/17.0.2\/svg\/1f4b3.svg\" alt=\"\ud83d\udcb3\" \/><\/li>\n<\/ul>\n<\/div>","protected":false},"excerpt":{"rendered":"<p>Join a pirate boat tour von Belek nach Kemer. Schwimmen Sie im kristallklaren Buchten, genie\u00dfen Sie Musik, Unterhaltung und ein lustiges Meer-Abenteuer mit hotel-transfers.<\/p>","protected":false},"featured_media":16564,"comment_status":"open","ping_status":"closed","template":"","meta":[],"product_brand":[],"product_cat":[],"product_tag":[],"class_list":{"0":"post-13020","1":"product","2":"type-product","3":"status-publish","4":"has-post-thumbnail","6":"tour_phys-tours","7":"pa_activity-pirate-boat-tours","8":"pa_destination-kemer","10":"first","11":"instock","12":"shipping-taxable","13":"purchasable","14":"product-type-tour_phys"},"_links":{"self":[{"href":"https:\/\/vetatourism.com\/de\/wp-json\/wp\/v2\/product\/13020","targetHints":{"allow":["GET"]}}],"collection":[{"href":"https:\/\/vetatourism.com\/de\/wp-json\/wp\/v2\/product"}],"about":[{"href":"https:\/\/vetatourism.com\/de\/wp-json\/wp\/v2\/types\/product"}],"replies":[{"embeddable":true,"href":"https:\/\/vetatourism.com\/de\/wp-json\/wp\/v2\/comments?post=13020"}],"wp:featuredmedia":[{"embeddable":true,"href":"https:\/\/vetatourism.com\/de\/wp-json\/wp\/v2\/media\/16564"}],"wp:attachment":[{"href":"https:\/\/vetatourism.com\/de\/wp-json\/wp\/v2\/media?parent=13020"}],"wp:term":[{"taxonomy":"product_brand","embeddable":true,"href":"https:\/\/vetatourism.com\/de\/wp-json\/wp\/v2\/product_brand?post=13020"},{"taxonomy":"product_cat","embeddable":true,"href":"https:\/\/vetatourism.com\/de\/wp-json\/wp\/v2\/product_cat?post=13020"},{"taxonomy":"product_tag","embeddable":true,"href":"https:\/\/vetatourism.com\/de\/wp-json\/wp\/v2\/product_tag?post=13020"}],"curies":[{"name":"wp","href":"https:\/\/api.w.org\/{rel}","templated":true}]}}