{"id":12995,"date":"2026-01-29T07:11:52","date_gmt":"2026-01-29T07:11:52","guid":{"rendered":"https:\/\/vetatourism.com\/?post_type=product&#038;p=12995"},"modified":"2026-04-09T08:04:15","modified_gmt":"2026-04-09T08:04:15","slug":"green-canyon-boat-trip-from-belek-nature-relaxation","status":"publish","type":"product","link":"https:\/\/vetatourism.com\/tours\/green-canyon-boat-trip-from-belek-nature-relaxation","title":{"rendered":"Green Canyon Bootstour von Belek \u2013 Natur, Entspannung"},"content":{"rendered":"<p>Ihr Tag beginnt mit einer bequemen Abholung von Ihrem hotel in Belek oder in der N\u00e4he dieser Gebiete, gefolgt von einer malerischen Fahrt durch das Taurus-Gebirge in Richtung Green Canyon.<\/p>\n<p>Bei der Ankunft Bord eines komfortablen Bootes und starten Sie eine entspannende Kreuzfahrt entlang der smaragdgr\u00fcnen Gew\u00e4sser, umgeben von Klippen und \u00fcppige Waldlandschaften. Die route f\u00fchrt \u00fcber die Kleinen und Gro\u00dfen Schlucht, mit Badepausen in ruhigem, kristallklarem Wasser.<\/p>\n<p>Sp\u00e4ter genie\u00dfen Sie ein leckeres Mittagessen in einem restaurant am See, wo k\u00f6nnen Sie sich voll entspannen und genie\u00dfen Sie die Stille der Natur. Diese tour bietet die perfekte balance aus Entspannung und Landschaft, vor der R\u00fcckkehr zu Ihrem hotel erfrischt und wieder aufgeladen werden.<\/p>\n<p>&nbsp;<\/p>\n<hr \/>\n<p>&nbsp;<\/p>\n<div class=\"tour-content-what-included\">\n<h4 id=\"whats-included\">Was ist Enthalten<\/h4>\n<ul style=\"column-count: 2;\">\n<li>Abholung von den hotels in Belek &amp; Umland<\/li>\n<li>Landschaftlich reizvolle Fahrt durch das Taurus-Gebirge<\/li>\n<li>Bootsfahrt auf dem Green Canyon<\/li>\n<li>Schwimmen h\u00e4lt<\/li>\n<li>Mittagessen in einem restaurant am See<\/li>\n<li>Hin-und R\u00fcckfahrt<\/li>\n<li>Transfer zur\u00fcck zum hotel<\/li>\n<\/ul>\n<\/div>\n<hr \/>\n<p>&nbsp;<\/p>\n<div class=\"tour-content-add-information\">\n<h4>Weitere Informationen<\/h4>\n<ul>\n<li>Full-day boat tour (ca. 9-10 Stunden)<\/li>\n<li>Geringe k\u00f6rperliche Aktivit\u00e4t (Bootsfahrt und optional schwimmen)<\/li>\n<li>T\u00e4gliche Abfahrten von Kemer<\/li>\n<li>Schattige Sitzgelegenheiten und Toiletten auf dem Boot<\/li>\n<li>Schwimmwesten zur Verf\u00fcgung gestellt<\/li>\n<li>Kinder unter 5 Jahren Reisen kostenlos tun nicht haben eine separate bus-Sitz; wenn der bus voll ist, Sie sitzen auf dem Scho\u00df eines Erwachsenen oder ein Sitz kann separat gebucht werden<\/li>\n<\/ul>\n<\/div>\n<hr \/>\n<p>&nbsp;<\/p>\n<div class=\"tour-content-cancell-policy\">\n<p><strong>Was Sie Mitbringen<\/strong><\/p>\n<ul style=\"column-count: 2;\">\n<li>Sonnenbrillen<img decoding=\"async\" class=\"emoji\" role=\"img\" draggable=\"false\" src=\"https:\/\/s.w.org\/images\/core\/emoji\/17.0.2\/svg\/1f576.svg\" alt=\"\ud83d\udd76\ufe0f\" \/><\/li>\n<li>Sonnencreme und Hut<img decoding=\"async\" class=\"emoji\" role=\"img\" draggable=\"false\" src=\"https:\/\/s.w.org\/images\/core\/emoji\/17.0.2\/svg\/1f9e2.svg\" alt=\"\ud83e\udde2\" \/><\/li>\n<li>Badebekleidung und Handtuch <img decoding=\"async\" class=\"emoji\" role=\"img\" draggable=\"false\" src=\"https:\/\/s.w.org\/images\/core\/emoji\/17.0.2\/svg\/1fa71.svg\" alt=\"\ud83e\ude71\" \/><\/li>\n<li>Kamera oder smartphone \ud83d\udcf1<\/li>\n<li>Bargeld f\u00fcr pers\u00f6nliche Ausgaben <img decoding=\"async\" class=\"emoji\" role=\"img\" draggable=\"false\" src=\"https:\/\/s.w.org\/images\/core\/emoji\/17.0.2\/svg\/1f4b3.svg\" alt=\"\ud83d\udcb3\" \/><\/li>\n<\/ul>\n<\/div>","protected":false},"excerpt":{"rendered":"<p>Join a Green Canyon Bootstour von Belek, mit smaragdgr\u00fcnen Wasser, schwimmen h\u00e4lt und ein Restaurant am See zum Mittagessen. Eine friedliche volle-Tag der Natur erleben.<\/p>","protected":false},"featured_media":12997,"comment_status":"open","ping_status":"closed","template":"","meta":[],"product_brand":[],"product_cat":[],"product_tag":[],"class_list":{"0":"post-12995","1":"product","2":"type-product","3":"status-publish","4":"has-post-thumbnail","6":"tour_phys-tours","7":"pa_destination-belek","9":"first","10":"instock","11":"shipping-taxable","12":"purchasable","13":"product-type-tour_phys"},"_links":{"self":[{"href":"https:\/\/vetatourism.com\/de\/wp-json\/wp\/v2\/product\/12995","targetHints":{"allow":["GET"]}}],"collection":[{"href":"https:\/\/vetatourism.com\/de\/wp-json\/wp\/v2\/product"}],"about":[{"href":"https:\/\/vetatourism.com\/de\/wp-json\/wp\/v2\/types\/product"}],"replies":[{"embeddable":true,"href":"https:\/\/vetatourism.com\/de\/wp-json\/wp\/v2\/comments?post=12995"}],"wp:featuredmedia":[{"embeddable":true,"href":"https:\/\/vetatourism.com\/de\/wp-json\/wp\/v2\/media\/12997"}],"wp:attachment":[{"href":"https:\/\/vetatourism.com\/de\/wp-json\/wp\/v2\/media?parent=12995"}],"wp:term":[{"taxonomy":"product_brand","embeddable":true,"href":"https:\/\/vetatourism.com\/de\/wp-json\/wp\/v2\/product_brand?post=12995"},{"taxonomy":"product_cat","embeddable":true,"href":"https:\/\/vetatourism.com\/de\/wp-json\/wp\/v2\/product_cat?post=12995"},{"taxonomy":"product_tag","embeddable":true,"href":"https:\/\/vetatourism.com\/de\/wp-json\/wp\/v2\/product_tag?post=12995"}],"curies":[{"name":"wp","href":"https:\/\/api.w.org\/{rel}","templated":true}]}}