{"id":10214,"date":"2024-08-13T02:55:52","date_gmt":"2024-08-13T02:55:52","guid":{"rendered":"https:\/\/travelwp.physcode.com\/main-demo\/?post_type=product&#038;p=10214"},"modified":"2026-02-28T12:11:05","modified_gmt":"2026-02-28T12:11:05","slug":"cappadocia-2-day-tour-from-kemer","status":"publish","type":"product","link":"https:\/\/vetatourism.com\/tours\/cappadocia-2-day-tour-from-kemer","title":{"rendered":"Kappadokien 2-Tages-Tour von kemer"},"content":{"rendered":"<p>Entdecken Sie die magischen Landschaften von Kappadokien w\u00e4hrend eines unvergesslichen zwei-Tage-Abenteuer das Nat\u00fcrliche Wunder, alte Geschichte und authentische kulturelle Erfahrungen.<\/p>\n<p>Ihre Reise beginnt mit einer morgendlichen Abholung von Ihrem hotel in Side oder den umliegenden Regionen. Bequem Reisen Sie durch das Herz von Anatolien und genie\u00dfen Sie Panoramablick auf die Berge und traditionelle t\u00fcrkische Landschaft Landschaft.<\/p>\n<p>Ber\u00fchmt f\u00fcr seine Feenkamine, H\u00f6hlenwohnungen und surreale T\u00e4lern gepr\u00e4gt von vulkanischen Aktivit\u00e4ten, die vor tausenden von Jahren, Kappadokien bietet eine der einzigartigsten Landschaften der Welt. Entdecken Sie unterirdische St\u00e4dte, einst versteckten Bergh\u00fctten, von den fr\u00fchen Kulturen und den atemberaubenden Aussichtspunkten mit Blick auf G\u00f6reme-Tal.<\/p>\n<p>Genie\u00dfen Sie ein k\u00f6stliches Mittagessen in einem lokalen restaurant, bevor Sie fortfahren Ihre Entdeckung durch die historische H\u00f6hle Kirchen, T\u00e4lern und traditionellen Handwerksbetrieben.<\/p>\n<p>Verbringen Sie die Nacht in Kappadokien und erleben Sie die friedliche Atmosph\u00e4re. Optional Abend Aktivit\u00e4ten wie eine t\u00fcrkische Nacht Show oder ein traditionelles Abendessen sind verf\u00fcgbar.<\/p>\n<p>Wake up fr\u00fch am zweiten Tag f\u00fcr ein unvergessliches Erlebnis beim betrachten oder die Teilnahme an einem Flug im Hei\u00dfluftballon bei Sonnenaufgang (optional und wetterabh\u00e4ngig), einer der kultigsten Momente in der T\u00fcrkei.<\/p>\n<p>Nach dem Fr\u00fchst\u00fcck, fahren Sie die region zu erkunden, bevor Sie zur\u00fcckkehren bequem zu Ihrem hotel mit unvergesslichen Erinnerungen.<\/p>\n<p>&nbsp;<\/p>\n<hr \/>\n<p>&nbsp;<\/p>\n<div class=\"tour-content-what-included\">\n<h4 id=\"whats-included\">Was ist Enthalten<\/h4>\n<ul style=\"column-count: 2;\">\n<li>Hotel pickup and drop-off<\/li>\n<li>Die klimatisierten Transport<\/li>\n<li>Professional tour guide<\/li>\n<li>1 \u00dcbernachtung in Kappadokien<\/li>\n<li>Fr\u00fchst\u00fcck &amp; Abendessen im hotel<\/li>\n<li>Mittagessen w\u00e4hrend der tour<\/li>\n<li>Besuch T\u00e4ler und Aussichtspunkte<\/li>\n<li>Unterirdische Stadt besuchen<\/li>\n<li>Volle Versicherung<\/li>\n<\/ul>\n<\/div>\n<p>&nbsp;<\/p>\n<hr \/>\n<p>&nbsp;<\/p>\n<div class=\"tour-content-add-information\">\n<h4>Weitere Informationen<\/h4>\n<ul>\n<li>Ballonfahrt ist optional und abh\u00e4ngig von den Wetterbedingungen<\/li>\n<li>Bequeme Wanderschuhe werden empfohlen<\/li>\n<li>Abholzeit kann je nach Lage des Hotels<\/li>\n<li>Einkaufs-und Einkehrm\u00f6glichkeiten sind verf\u00fcgbar w\u00e4hrend der Fahrt<\/li>\n<li>Unterbringung im Einzelzimmer, erfordern m\u00f6glicherweise eine zus\u00e4tzliche Geb\u00fchr<\/li>\n<\/ul>\n<\/div>\n<hr \/>\n<p>&nbsp;<\/p>\n<div class=\"tour-content-cancell-policy\">\n<p><strong>Was Sie Mitbringen<\/strong><\/p>\n<ul style=\"column-count: 2;\">\n<li>Sonnenbrille \ud83d\udd76\ufe0f<\/li>\n<li>Hut \ud83e\udde2<\/li>\n<li>Bequeme Schuhe \ud83d\udc5f<\/li>\n<li>Kamera \ud83d\udcf7<\/li>\n<li>Leichte Jacke \ud83e\udde5<\/li>\n<li>Geld f\u00fcr pers\u00f6nliche Ausgaben \ud83d\udcb3<\/li>\n<\/ul>\n<\/div>","protected":false},"excerpt":{"rendered":"<p>Entdecken Sie die magischen Landschaften von Kappadokien w\u00e4hrend eines unvergesslichen zwei-Tage-Abenteuer das Nat\u00fcrliche Wunder, alte Geschichte und authentische kulturelle Erfahrungen.<br \/>\nYour journey begins with an early morning pickup from your <\/p>","protected":false},"featured_media":16221,"comment_status":"open","ping_status":"closed","template":"","meta":[],"product_brand":[],"product_cat":[],"product_tag":[],"class_list":{"0":"post-10214","1":"product","2":"type-product","3":"status-publish","4":"has-post-thumbnail","6":"tour_phys-tours","7":"pa_destination-kemer","9":"first","10":"instock","11":"shipping-taxable","12":"purchasable","13":"product-type-tour_phys"},"_links":{"self":[{"href":"https:\/\/vetatourism.com\/de\/wp-json\/wp\/v2\/product\/10214","targetHints":{"allow":["GET"]}}],"collection":[{"href":"https:\/\/vetatourism.com\/de\/wp-json\/wp\/v2\/product"}],"about":[{"href":"https:\/\/vetatourism.com\/de\/wp-json\/wp\/v2\/types\/product"}],"replies":[{"embeddable":true,"href":"https:\/\/vetatourism.com\/de\/wp-json\/wp\/v2\/comments?post=10214"}],"wp:featuredmedia":[{"embeddable":true,"href":"https:\/\/vetatourism.com\/de\/wp-json\/wp\/v2\/media\/16221"}],"wp:attachment":[{"href":"https:\/\/vetatourism.com\/de\/wp-json\/wp\/v2\/media?parent=10214"}],"wp:term":[{"taxonomy":"product_brand","embeddable":true,"href":"https:\/\/vetatourism.com\/de\/wp-json\/wp\/v2\/product_brand?post=10214"},{"taxonomy":"product_cat","embeddable":true,"href":"https:\/\/vetatourism.com\/de\/wp-json\/wp\/v2\/product_cat?post=10214"},{"taxonomy":"product_tag","embeddable":true,"href":"https:\/\/vetatourism.com\/de\/wp-json\/wp\/v2\/product_tag?post=10214"}],"curies":[{"name":"wp","href":"https:\/\/api.w.org\/{rel}","templated":true}]}}